{"id":15767,"date":"2026-03-09T11:54:29","date_gmt":"2026-03-09T10:54:29","guid":{"rendered":"https:\/\/theoutsidervlaamseardennen.be\/menu-du-tour-des-flandres\/"},"modified":"2026-03-09T12:05:03","modified_gmt":"2026-03-09T11:05:03","slug":"menu-du-tour-des-flandres","status":"publish","type":"page","link":"https:\/\/theoutsidervlaamseardennen.be\/fr\/menu-du-tour-des-flandres\/","title":{"rendered":"Menu du Tour des Flandres"},"content":{"rendered":"<!--\n    Title: WPML FIX\n-->\n\n<!-- block to add a invisible description field on first block of page -->\n\n\n<!--\n    Title: Content with visual\n-->\n\n\n<section class=\"gc-section gc-section--no-sep-bottom gc-section--no-separator\">\n    \n    <div\n        class=\"gc-section__inner gc-cwv gc-cwv--transparent\">\n        <!--\n    Title: Container\n    Mode: preview\n    SupportsJSX: true\n    Blueprint: false\n-->\n\n\n<div class=\"gc-container gc-container--has-margin gc-cwv__container\"\n    >\n    <div class=\"gc-cwv__row gc-cwv__row--50\">\n                <div class=\"gc-cwv__first-column\">\n                    <div class=\"gc-heading\">\n    <h2 class=\"gc-heading__title h2\">\n\t\t\n\t<\/h2>    <\/div>\n    <div class=\"gc-cwv__text\">\n        <h2>Le petit-d\u00e9jeuner est le repas le plus important de la journ\u00e9e !<\/h2>\n<p>C&#8217;est pourquoi vous pouvez commander des paniers petit-d\u00e9jeuner chez nous. Partez avec l&#8217;un de nos paniers et faites le plein d&#8217;\u00e9nergie pour bien commencer la journ\u00e9e\u00a0!<\/p>\n\n            <\/div>\n                <div class=\"gc-cwv__buttons\">\n                            <a\n        href=\"https:\/\/theoutsidervlaamseardennen.be\/fr\/lieux\/camping-du-tour-des-flandres\/#ontbijt\" class=\"gc-button gc-button--arrow gc-button--default gc-button--\">\n                    Commandez votre petit-d\u00e9jeuner ici\n        \n                    <span class=\"gc-button__arrow\">&gt;&gt;<\/span>\n            <\/a>\n                                    <a\n        href=\"https:\/\/theoutsidervlaamseardennen.be\/fr\/lieux\/camping-du-tour-des-flandres\/#ontbijt\" class=\"gc-button gc-button--arrow gc-button--default gc-button--\">\n                    Petit-d\u00e9jeuner buffet le dimanche\n        \n                    <span class=\"gc-button__arrow\">&gt;&gt;<\/span>\n            <\/a>\n                            <\/div>\n    \n                    <\/div>\n                            <\/div>\n<\/div>\n    <\/div>\n\n    \n    <\/section>\n\n\n\n<div data-wp-interactive=\"core\/file\" class=\"wp-block-file\" style=\"border-style:none;border-width:0px;border-top-left-radius:0px;border-top-right-radius:0px;border-bottom-left-radius:0px;border-bottom-right-radius:0px;margin-top:0;margin-bottom:0;padding-top:0;padding-bottom:0\"><object data-wp-bind--hidden=\"!state.hasPdfPreview\" hidden class=\"wp-block-file__embed\" data=\"https:\/\/theoutsidervlaamseardennen.be\/wp-content\/uploads\/Menukaart-Frans.pdf\" type=\"application\/pdf\" style=\"width:100%;height:900px\" aria-label=\"Contenu embarqu\u00e9 Menukaart Frans.\"><\/object><a id=\"wp-block-file--media-1ab6ebfe-b707-436f-ba43-f8aeae59c73b\" href=\"https:\/\/theoutsidervlaamseardennen.be\/wp-content\/uploads\/Menukaart-Frans.pdf\">Menukaart Frans<\/a><a href=\"https:\/\/theoutsidervlaamseardennen.be\/wp-content\/uploads\/Menukaart-Frans.pdf\" class=\"wp-block-file__button wp-element-button\" download aria-describedby=\"wp-block-file--media-1ab6ebfe-b707-436f-ba43-f8aeae59c73b\">T\u00e9l\u00e9charger<\/a><\/div>\n","protected":false},"excerpt":{"rendered":"","protected":false},"author":9,"featured_media":0,"parent":0,"menu_order":0,"comment_status":"closed","ping_status":"closed","template":"","meta":{"_acf_changed":false,"footnotes":""},"class_list":["post-15767","page","type-page","status-publish","hentry"],"acf":[],"_links":{"self":[{"href":"https:\/\/theoutsidervlaamseardennen.be\/fr\/wp-json\/wp\/v2\/pages\/15767","targetHints":{"allow":["GET"]}}],"collection":[{"href":"https:\/\/theoutsidervlaamseardennen.be\/fr\/wp-json\/wp\/v2\/pages"}],"about":[{"href":"https:\/\/theoutsidervlaamseardennen.be\/fr\/wp-json\/wp\/v2\/types\/page"}],"author":[{"embeddable":true,"href":"https:\/\/theoutsidervlaamseardennen.be\/fr\/wp-json\/wp\/v2\/users\/9"}],"replies":[{"embeddable":true,"href":"https:\/\/theoutsidervlaamseardennen.be\/fr\/wp-json\/wp\/v2\/comments?post=15767"}],"version-history":[{"count":3,"href":"https:\/\/theoutsidervlaamseardennen.be\/fr\/wp-json\/wp\/v2\/pages\/15767\/revisions"}],"predecessor-version":[{"id":15777,"href":"https:\/\/theoutsidervlaamseardennen.be\/fr\/wp-json\/wp\/v2\/pages\/15767\/revisions\/15777"}],"wp:attachment":[{"href":"https:\/\/theoutsidervlaamseardennen.be\/fr\/wp-json\/wp\/v2\/media?parent=15767"}],"curies":[{"name":"wp","href":"https:\/\/api.w.org\/{rel}","templated":true}]}}